{"id":5506,"date":"2022-11-18T10:27:07","date_gmt":"2022-11-18T10:27:07","guid":{"rendered":"https:\/\/webredox.net\/demo\/wp\/florya\/?page_id=421"},"modified":"2025-07-01T22:42:22","modified_gmt":"2025-07-01T22:42:22","slug":"contact","status":"publish","type":"page","link":"https:\/\/eventissimo-agency.ch\/en\/contact\/","title":{"rendered":"Contact"},"content":{"rendered":"<div data-elementor-type=\"wp-page\" data-elementor-id=\"5506\" class=\"elementor elementor-5506\">\n\t\t\t\t\t\t<section class=\"elementor-section elementor-top-section elementor-element elementor-element-6ce79c85 elementor-section-full_width elementor-section-height-default elementor-section-height-default\" data-id=\"6ce79c85\" data-element_type=\"section\">\n\t\t\t\t\t\t<div class=\"elementor-container elementor-column-gap-no\">\n\t\t\t\t\t<div class=\"elementor-column elementor-col-100 elementor-top-column elementor-element elementor-element-71f4c762\" data-id=\"71f4c762\" data-element_type=\"column\">\n\t\t\t<div class=\"elementor-widget-wrap elementor-element-populated\">\n\t\t\t\t\t\t<div class=\"elementor-element elementor-element-cc99416 elementor-widget elementor-widget-florya-banner-image\" data-id=\"cc99416\" data-element_type=\"widget\" data-widget_type=\"florya-banner-image.default\">\n\t\t\t\t<div class=\"elementor-widget-container\">\n\t\t\t\t\t\t\n\t<header class=\"header\">\n\t\n\t<!-- Header Banner -->\n    \t<div class=\"banner-header section-padding valign bg-img bg-img-d bg-fixed\" data-overlay-dark=\"3\" data-background=\"https:\/\/eventissimo-agency.ch\/wp-content\/uploads\/2025\/06\/Au-choix-scaled.jpg\">\n\t        \t\t\t\t<div class=\"container\">\n            <div class=\"row\">\n                <div class=\"col-md-5 slider-text js-fullheight\">\n                    <div class=\"slider-text-inner\">\n                        <div class=\"desc text-left\">\n                            \t\t\t\t\t\t\t\t<h4 class=\"fl-slider-title1-class\">Contact<\/h4>\n\t\t\t\t\t\t\t                            \t\t\t\t\t\t\t\t<h1 class=\"fl-slider-title2-class\">Get in touch with me to start planning your event!<\/h1>\n\t\t\t\t\t\t\t                            \t\t\t\t\t\t\t\t<p>Fill out the form below. I will contact you within 24 hours to schedule a meeting and start discussing all the exciting possibilities for your celebration.<\/p>\n\t\t\t\t\t\t\t\t\t\t\t\t\t\t\t\n                        <\/div>\n                    <\/div>\n                <\/div>\n            <\/div>\n        <\/div>\n\t\t\t\t\t\t\t\t<!-- arrow down -->\n        <div class=\"arrow bounce text-center\">\n            <a href=\"#contact\"  class=\"\"> <i class=\"ti-arrow-down\"><\/i> <\/a>\n        <\/div>\n\t\t        \n    <\/div>\t\n\t\n\t<\/header>\n\t\n\n    \t\t\t\t<\/div>\n\t\t\t\t<\/div>\n\t\t\t\t\t<\/div>\n\t\t<\/div>\n\t\t\t\t\t<\/div>\n\t\t<\/section>\n\t\t\t\t<section class=\"elementor-section elementor-top-section elementor-element elementor-element-d14ba03 elementor-section-boxed elementor-section-height-default elementor-section-height-default\" data-id=\"d14ba03\" data-element_type=\"section\" id=\"contact\">\n\t\t\t\t\t\t<div class=\"elementor-container elementor-column-gap-default\">\n\t\t\t\t\t<div class=\"elementor-column elementor-col-100 elementor-top-column elementor-element elementor-element-50a4fb25\" data-id=\"50a4fb25\" data-element_type=\"column\">\n\t\t\t<div class=\"elementor-widget-wrap elementor-element-populated\">\n\t\t\t\t\t\t<div class=\"elementor-element elementor-element-b8a75fc elementor-widget elementor-widget-image\" data-id=\"b8a75fc\" data-element_type=\"widget\" data-widget_type=\"image.default\">\n\t\t\t\t<div class=\"elementor-widget-container\">\n\t\t\t\t\t\t\t\t\t\t\t\t\t\t\t<img fetchpriority=\"high\" decoding=\"async\" width=\"800\" height=\"342\" src=\"https:\/\/eventissimo-agency.ch\/wp-content\/uploads\/2025\/05\/logo-eventissimo-white.png\" class=\"attachment-full size-full wp-image-6057\" alt=\"\" srcset=\"https:\/\/eventissimo-agency.ch\/wp-content\/uploads\/2025\/05\/logo-eventissimo-white.png 800w, https:\/\/eventissimo-agency.ch\/wp-content\/uploads\/2025\/05\/logo-eventissimo-white-300x128.png 300w, https:\/\/eventissimo-agency.ch\/wp-content\/uploads\/2025\/05\/logo-eventissimo-white-768x328.png 768w\" sizes=\"(max-width: 800px) 100vw, 800px\" \/>\t\t\t\t\t\t\t\t\t\t\t\t\t\t\t<\/div>\n\t\t\t\t<\/div>\n\t\t\t\t<div class=\"elementor-section elementor-inner-section elementor-element elementor-element-470e1738 elementor-section-boxed elementor-section-height-default elementor-section-height-default\" data-id=\"470e1738\" data-element_type=\"section\">\n\t\t\t\t\t\t<div class=\"elementor-container elementor-column-gap-default\">\n\t\t\t\t\t<div class=\"elementor-column elementor-col-33 elementor-inner-column elementor-element elementor-element-2e8755b5\" data-id=\"2e8755b5\" data-element_type=\"column\">\n\t\t\t<div class=\"elementor-widget-wrap elementor-element-populated\">\n\t\t\t\t\t\t<div class=\"elementor-element elementor-element-60e5f14 elementor-widget elementor-widget-florya-contact\" data-id=\"60e5f14\" data-element_type=\"widget\" data-widget_type=\"florya-contact.default\">\n\t\t\t\t<div class=\"elementor-widget-container\">\n\t\t\t\t\t        \n\t\t<div class=\"sec-contact-info contact\">\n\t\t\t\t\t\t<h3>Contact informations<\/h3>\n\t\t\t\t\t    \n\t\t\t\t\t\t\n\t\t\t\t\t\t\t\t\t\t\n                        <div class=\"contact-info mb-30\">\t\n \t\t\t\t\t\t    <div class=\"icon\">\n\t\t\t\t\t\t\t\t\t\n\t\t\t\t\t\t\t\t\t<span class=\"ti-email\"><\/span>\n\t\t\t\t\t\t\t\t\t\t\t\t\t\t\t\t\n\t\t\t\t\t\t\t<\/div>\n\t\t\t\t\t\t\t<div class=\"text\">\n\t\t\t\t\t\t        <p>E-mail<\/p> <a href=\"mailto:info@eventissimo-agency.ch\">info@eventissimo-agency.ch<\/a>\n\t\t\t\t\t\t   <\/div>\n\t\t\t\t\t\t<\/div>\n\t\t\t\t\t\t \n\n\t\t\t\t\t\t\t\t\t                        <div class=\"contact-info mb-30\">\t\n \t\t\t\t\t\t    <div class=\"icon\">\n\t\t\t\t\t\t\t\t\t\n\t\t\t\t\t\t\t\t\t<span class=\"ti-location-pin\"><\/span>\n\t\t\t\t\t\t\t\t\t\t\t\t\t\t\t\t\n\t\t\t\t\t\t\t<\/div>\n\t\t\t\t\t\t\t<div class=\"text\">\n\t\t\t\t\t\t        <p>Location<\/p> <a href=\"\" target=\"_self\">Lausanne, Switzerland<\/a>\n\t\t\t\t\t\t   <\/div>\n\t\t\t\t\t\t<\/div>\t\t\t\t\t\t\t\t\t\t\t\n\t\t\t\t\t\t \n\n\t\t\t\t\t\t\t\t\n        <\/div>\n\t\t\n        \t\t\t\t<\/div>\n\t\t\t\t<\/div>\n\t\t\t\t<div class=\"elementor-element elementor-element-b6b6c9e elementor-widget elementor-widget-florya-map\" data-id=\"b6b6c9e\" data-element_type=\"widget\" data-widget_type=\"florya-map.default\">\n\t\t\t\t<div class=\"elementor-widget-container\">\n\t\t\t\t\t\n\t\t\t\t\t\n\t\t\n\t\t<div class=\"sec-gmap\">\n            <div class=\"map-container\">\n\t\t\t\t<div id=\"map-single\" class=\"map\" data-map-back=\"\/\/{s}.basemaps.cartocdn.com\/light_all\/{z}\/{x}\/{y}.png\" data-latlog=\"[46.5196535, 6.6322734]\" data-popuptext=\"Lausanne, Suisse\"  data-popupicon=\"https:\/\/webredox.net\/images\/mapmarker.png\"><\/div>\t\t\t\t\n\t\t    <\/div>\t\t\t\n\t\t<\/div>\t\t\n\t\t\n\t\t\t\n        \t\t\t\t<\/div>\n\t\t\t\t<\/div>\n\t\t\t\t\t<\/div>\n\t\t<\/div>\n\t\t\t\t<div class=\"elementor-column elementor-col-33 elementor-inner-column elementor-element elementor-element-34f7c6c4\" data-id=\"34f7c6c4\" data-element_type=\"column\">\n\t\t\t<div class=\"elementor-widget-wrap\">\n\t\t\t\t\t\t\t<\/div>\n\t\t<\/div>\n\t\t\t\t<div class=\"elementor-column elementor-col-33 elementor-inner-column elementor-element elementor-element-7b9aaa3c\" data-id=\"7b9aaa3c\" data-element_type=\"column\">\n\t\t\t<div class=\"elementor-widget-wrap elementor-element-populated\">\n\t\t\t\t\t\t<div class=\"elementor-element elementor-element-e313675 elementor-widget elementor-widget-florya-form\" data-id=\"e313675\" data-element_type=\"widget\" data-widget_type=\"florya-form.default\">\n\t\t\t\t<div class=\"elementor-widget-container\">\n\t\t\t\t\t\t\t<div class=\"sec-contact-form contact\">\n\t\t\t\t\t\t<h3>Contact Form<\/h3>\n\t\t\t            \t\t\t\n\t\t\t<div class=\"vc_template contact__form\">\n\t\t\t   <div class=\"wpforms-container\" id=\"wpforms-6012\"><form id=\"wpforms-form-6012\" class=\"wpforms-validate wpforms-form wpforms-ajax-form\" data-formid=\"6012\" method=\"post\" enctype=\"multipart\/form-data\" action=\"\/en\/wp-json\/wp\/v2\/pages\/5506\" data-token=\"0233f26354b1574206b848a96579c4e1\" data-token-time=\"1776439238\" data-trp-original-action=\"\/en\/wp-json\/wp\/v2\/pages\/5506\"><noscript class=\"wpforms-error-noscript\">Please enable JavaScript in your browser to complete this form.<\/noscript><div class=\"wpforms-field-container\"><div id=\"wpforms-6012-field_1-container\" class=\"wpforms-field wpforms-field-name\" data-field-id=\"1\"><label class=\"wpforms-field-label\" for=\"wpforms-6012-field_1\">Full name <span class=\"wpforms-required-label\">*<\/span><\/label><div class=\"wpforms-field-row wpforms-field-large\"><div class=\"wpforms-field-row-block wpforms-first wpforms-one-half\"><input type=\"text\" id=\"wpforms-6012-field_1\" class=\"wpforms-field-name-first wpforms-field-required\" name=\"wpforms[fields][1][first]\" value=\"Pr\u00e9nom\" placeholder=\"First name\" required><label for=\"wpforms-6012-field_1\" class=\"wpforms-field-sublabel after wpforms-sublabel-hide\">First<\/label><\/div><div class=\"wpforms-field-row-block wpforms-one-half\"><input type=\"text\" id=\"wpforms-6012-field_1-last\" class=\"wpforms-field-name-last wpforms-field-required\" name=\"wpforms[fields][1][last]\" value=\"Nom\" placeholder=\"Last name\" required><label for=\"wpforms-6012-field_1-last\" class=\"wpforms-field-sublabel after wpforms-sublabel-hide\">Last<\/label><\/div><\/div><\/div><div id=\"wpforms-6012-field_2-container\" class=\"wpforms-field wpforms-field-email\" data-field-id=\"2\"><label class=\"wpforms-field-label\" for=\"wpforms-6012-field_2\">E-mail <span class=\"wpforms-required-label\">*<\/span><\/label><input type=\"email\" id=\"wpforms-6012-field_2\" class=\"wpforms-field-large wpforms-field-required\" name=\"wpforms[fields][2]\" spellcheck=\"false\" required><\/div>\t\t<div id=\"wpforms-6012-field_6-container\"\n\t\t\tclass=\"wpforms-field wpforms-field-text\"\n\t\t\tdata-field-type=\"text\"\n\t\t\tdata-field-id=\"6\"\n\t\t\t>\n\t\t\t<label class=\"wpforms-field-label\" for=\"wpforms-6012-field_6\" >Nom complet Type<\/label>\n\t\t\t<input type=\"text\" id=\"wpforms-6012-field_6\" class=\"wpforms-field-medium\" name=\"wpforms[fields][6]\" >\n\t\t<\/div>\n\t\t<div id=\"wpforms-6012-field_5-container\" class=\"wpforms-field wpforms-field-text\" data-field-id=\"5\"><label class=\"wpforms-field-label\" for=\"wpforms-6012-field_5\">Phone number <span class=\"wpforms-required-label\">*<\/span><\/label><input type=\"text\" id=\"wpforms-6012-field_5\" class=\"wpforms-field-large wpforms-field-required\" name=\"wpforms[fields][5]\" required><\/div><div id=\"wpforms-6012-field_4-container\" class=\"wpforms-field wpforms-field-select wpforms-field-select-style-modern\" data-field-id=\"4\"><label class=\"wpforms-field-label\" for=\"wpforms-6012-field_4\">Type of events <span class=\"wpforms-required-label\">*<\/span><\/label><select id=\"wpforms-6012-field_4\" class=\"wpforms-field-large wpforms-field-required choicesjs-select\" data-size-class=\"wpforms-field-row wpforms-field-large\" data-search-enabled=\"1\" name=\"wpforms[fields][4]\" required=\"required\"><option value=\"\" class=\"placeholder\" disabled selected='selected'><\/option><option value=\"Mariage en Suisse\" >Wedding in Switzerland<\/option><option value=\"Mariage en Italie\" >Wedding in Italy (Puglia)<\/option><option value=\"Anniversaire\" >Birthday<\/option><option value=\"Baby Shower\" >Baby Shower<\/option><option value=\"Gender Reveal\" >Gender Reveal<\/option><option value=\"EVJF \/ EVG\" >Bachelorette \/ Bachelor Parties<\/option><option value=\"C\u00e9r\u00e9monie religieuse\" >Religious Ceremony<\/option><option value=\"Autres \u00e9v\u00e9nements priv\u00e9s\" >Other private events<\/option><\/select><\/div><div id=\"wpforms-6012-field_3-container\" class=\"wpforms-field wpforms-field-textarea\" data-field-id=\"3\"><label class=\"wpforms-field-label\" for=\"wpforms-6012-field_3\">Message<\/label><textarea id=\"wpforms-6012-field_3\" class=\"wpforms-field-large\" name=\"wpforms[fields][3]\" ><\/textarea><\/div><script>\n\t\t\t\t( function() {\n\t\t\t\t\tconst style = document.createElement( 'style' );\n\t\t\t\t\tstyle.appendChild( document.createTextNode( '#wpforms-6012-field_6-container { position: absolute !important; overflow: hidden !important; display: inline !important; height: 1px !important; width: 1px !important; z-index: -1000 !important; padding: 0 !important; } #wpforms-6012-field_6-container input { visibility: hidden; } #wpforms-conversational-form-page #wpforms-6012-field_6-container label { counter-increment: none; }' ) );\n\t\t\t\t\tdocument.head.appendChild( style );\n\t\t\t\t\tdocument.currentScript?.remove();\n\t\t\t\t} )();\n\t\t\t<\/script><\/div><!-- .wpforms-field-container --><div class=\"wpforms-recaptcha-container wpforms-is-recaptcha wpforms-is-recaptcha-type-v3\" ><input type=\"hidden\" name=\"wpforms[recaptcha]\" value=\"\"><\/div><div class=\"wpforms-submit-container\" ><input type=\"hidden\" name=\"wpforms[id]\" value=\"6012\"><input type=\"hidden\" name=\"page_title\" value=\"\"><input type=\"hidden\" name=\"page_url\" value=\"https:\/\/eventissimo-agency.ch\/en\/wp-json\/wp\/v2\/pages\/5506\"><input type=\"hidden\" name=\"url_referer\" value=\"\"><button type=\"submit\" name=\"wpforms[submit]\" id=\"wpforms-submit-6012\" class=\"wpforms-submit elementor-button\" data-alt-text=\"Envoi...\" data-submit-text=\"Envoyer\" aria-live=\"assertive\" value=\"wpforms-submit\">Send<\/button><img decoding=\"async\" src=\"https:\/\/eventissimo-agency.ch\/wp-content\/plugins\/wpforms-lite\/assets\/images\/submit-spin.svg\" class=\"wpforms-submit-spinner\" style=\"display: none;\" width=\"26\" height=\"26\" alt=\"Loading\"><\/div><input type=\"hidden\" name=\"trp-form-language\" value=\"en\"\/><\/form><\/div>  <!-- .wpforms-container -->\t\t\t<\/div>\t\n\t\t<\/div>\t\n\t\t\n        \t\t\t\t<\/div>\n\t\t\t\t<\/div>\n\t\t\t\t\t<\/div>\n\t\t<\/div>\n\t\t\t\t\t<\/div>\n\t\t<\/div>\n\t\t\t\t\t<\/div>\n\t\t<\/div>\n\t\t\t\t\t<\/div>\n\t\t<\/section>\n\t\t\t\t<\/div>","protected":false},"excerpt":{"rendered":"<p>Contact Prenez contact avec moi afin d&#8217;organiser votre \u00e9v\u00e9nement ! Remplissez le formulaire ci-dessous. Je vous contacterai dans les 24 heures pour prendre rendez-vous avec vous et commencer \u00e0 discuter de toutes les possibilit\u00e9s qui s&#8217;offrent \u00e0 vous. Informations de contact Adresse e-mail info@eventissimo-agency.ch Lieu Lausanne, Suisse Formulaire de contact Veuillez activer JavaScript dans votre navigateur pour remplir ce formulaire.Nom<\/p>","protected":false},"author":1,"featured_media":0,"parent":0,"menu_order":0,"comment_status":"closed","ping_status":"closed","template":"","meta":{"_acf_changed":false,"footnotes":""},"class_list":["post-5506","page","type-page","status-publish","hentry"],"acf":[],"yoast_head":"<!-- This site is optimized with the Yoast SEO plugin v25.4 - https:\/\/yoast.com\/wordpress\/plugins\/seo\/ -->\n<title>Contact - Eventissimo<\/title>\n<meta name=\"description\" content=\"Contact. Prenez contact afin d&#039;organiser votre \u00e9v\u00e9nement. Informations de contact. e-mail : info@eventissimo-agency.ch. Lausanne, Suisse.\" \/>\n<meta name=\"robots\" content=\"index, follow, max-snippet:-1, max-image-preview:large, max-video-preview:-1\" \/>\n<link rel=\"canonical\" href=\"https:\/\/eventissimo-agency.ch\/en\/contact\/\" \/>\n<meta property=\"og:locale\" content=\"en_GB\" \/>\n<meta property=\"og:type\" content=\"article\" \/>\n<meta property=\"og:title\" content=\"Contact - Eventissimo\" \/>\n<meta property=\"og:description\" content=\"Contact. Prenez contact afin d&#039;organiser votre \u00e9v\u00e9nement. Informations de contact. e-mail : info@eventissimo-agency.ch. Lausanne, Suisse.\" \/>\n<meta property=\"og:url\" content=\"https:\/\/eventissimo-agency.ch\/en\/contact\/\" \/>\n<meta property=\"og:site_name\" content=\"Eventissimo\" \/>\n<meta property=\"article:modified_time\" content=\"2025-07-01T22:42:22+00:00\" \/>\n<meta property=\"og:image\" content=\"https:\/\/eventissimo-agency.ch\/wp-content\/uploads\/2025\/05\/logo-eventissimo-white.png\" \/>\n<meta name=\"twitter:card\" content=\"summary_large_image\" \/>\n<meta name=\"twitter:label1\" content=\"Estimated reading time\" \/>\n\t<meta name=\"twitter:data1\" content=\"1 minute\" \/>\n<script type=\"application\/ld+json\" class=\"yoast-schema-graph\">{\"@context\":\"https:\/\/schema.org\",\"@graph\":[{\"@type\":\"WebPage\",\"@id\":\"https:\/\/eventissimo-agency.ch\/contact\/\",\"url\":\"https:\/\/eventissimo-agency.ch\/contact\/\",\"name\":\"Contact - Eventissimo\",\"isPartOf\":{\"@id\":\"https:\/\/eventissimo-agency.ch\/#website\"},\"primaryImageOfPage\":{\"@id\":\"https:\/\/eventissimo-agency.ch\/contact\/#primaryimage\"},\"image\":{\"@id\":\"https:\/\/eventissimo-agency.ch\/contact\/#primaryimage\"},\"thumbnailUrl\":\"https:\/\/eventissimo-agency.ch\/wp-content\/uploads\/2025\/05\/logo-eventissimo-white.png\",\"datePublished\":\"2022-11-18T10:27:07+00:00\",\"dateModified\":\"2025-07-01T22:42:22+00:00\",\"description\":\"Contact. Prenez contact afin d'organiser votre \u00e9v\u00e9nement. Informations de contact. e-mail : info@eventissimo-agency.ch. Lausanne, Suisse.\",\"breadcrumb\":{\"@id\":\"https:\/\/eventissimo-agency.ch\/contact\/#breadcrumb\"},\"inLanguage\":\"en-GB\",\"potentialAction\":[{\"@type\":\"ReadAction\",\"target\":[\"https:\/\/eventissimo-agency.ch\/contact\/\"]}]},{\"@type\":\"ImageObject\",\"inLanguage\":\"en-GB\",\"@id\":\"https:\/\/eventissimo-agency.ch\/contact\/#primaryimage\",\"url\":\"https:\/\/eventissimo-agency.ch\/wp-content\/uploads\/2025\/05\/logo-eventissimo-white.png\",\"contentUrl\":\"https:\/\/eventissimo-agency.ch\/wp-content\/uploads\/2025\/05\/logo-eventissimo-white.png\"},{\"@type\":\"BreadcrumbList\",\"@id\":\"https:\/\/eventissimo-agency.ch\/contact\/#breadcrumb\",\"itemListElement\":[{\"@type\":\"ListItem\",\"position\":1,\"name\":\"Accueil\",\"item\":\"https:\/\/eventissimo-agency.ch\/\"},{\"@type\":\"ListItem\",\"position\":2,\"name\":\"Contact\"}]},{\"@type\":\"WebSite\",\"@id\":\"https:\/\/eventissimo-agency.ch\/#website\",\"url\":\"https:\/\/eventissimo-agency.ch\/\",\"name\":\"Eventissimo\",\"description\":\"\",\"publisher\":{\"@id\":\"https:\/\/eventissimo-agency.ch\/#organization\"},\"potentialAction\":[{\"@type\":\"SearchAction\",\"target\":{\"@type\":\"EntryPoint\",\"urlTemplate\":\"https:\/\/eventissimo-agency.ch\/?s={search_term_string}\"},\"query-input\":{\"@type\":\"PropertyValueSpecification\",\"valueRequired\":true,\"valueName\":\"search_term_string\"}}],\"inLanguage\":\"en-GB\"},{\"@type\":\"Organization\",\"@id\":\"https:\/\/eventissimo-agency.ch\/#organization\",\"name\":\"Eventissimo Agency\",\"alternateName\":\"Eventissimo\",\"url\":\"https:\/\/eventissimo-agency.ch\/\",\"logo\":{\"@type\":\"ImageObject\",\"inLanguage\":\"en-GB\",\"@id\":\"https:\/\/eventissimo-agency.ch\/#\/schema\/logo\/image\/\",\"url\":\"https:\/\/eventissimo-agency.ch\/wp-content\/uploads\/2025\/05\/logo-eventissimo-white.png\",\"contentUrl\":\"https:\/\/eventissimo-agency.ch\/wp-content\/uploads\/2025\/05\/logo-eventissimo-white.png\",\"width\":800,\"height\":342,\"caption\":\"Eventissimo Agency\"},\"image\":{\"@id\":\"https:\/\/eventissimo-agency.ch\/#\/schema\/logo\/image\/\"}}]}<\/script>\n<!-- \/ Yoast SEO plugin. -->","yoast_head_json":{"title":"Contact - Eventissimo","description":"Contact. Prenez contact afin d'organiser votre \u00e9v\u00e9nement. Informations de contact. e-mail : info@eventissimo-agency.ch. Lausanne, Suisse.","robots":{"index":"index","follow":"follow","max-snippet":"max-snippet:-1","max-image-preview":"max-image-preview:large","max-video-preview":"max-video-preview:-1"},"canonical":"https:\/\/eventissimo-agency.ch\/en\/contact\/","og_locale":"en_GB","og_type":"article","og_title":"Contact - Eventissimo","og_description":"Contact. Prenez contact afin d'organiser votre \u00e9v\u00e9nement. Informations de contact. e-mail : info@eventissimo-agency.ch. Lausanne, Suisse.","og_url":"https:\/\/eventissimo-agency.ch\/en\/contact\/","og_site_name":"Eventissimo","article_modified_time":"2025-07-01T22:42:22+00:00","og_image":[{"url":"https:\/\/eventissimo-agency.ch\/wp-content\/uploads\/2025\/05\/logo-eventissimo-white.png","type":"","width":"","height":""}],"twitter_card":"summary_large_image","twitter_misc":{"Estimated reading time":"1 minute"},"schema":{"@context":"https:\/\/schema.org","@graph":[{"@type":"WebPage","@id":"https:\/\/eventissimo-agency.ch\/contact\/","url":"https:\/\/eventissimo-agency.ch\/contact\/","name":"Contact - Eventissimo","isPartOf":{"@id":"https:\/\/eventissimo-agency.ch\/#website"},"primaryImageOfPage":{"@id":"https:\/\/eventissimo-agency.ch\/contact\/#primaryimage"},"image":{"@id":"https:\/\/eventissimo-agency.ch\/contact\/#primaryimage"},"thumbnailUrl":"https:\/\/eventissimo-agency.ch\/wp-content\/uploads\/2025\/05\/logo-eventissimo-white.png","datePublished":"2022-11-18T10:27:07+00:00","dateModified":"2025-07-01T22:42:22+00:00","description":"Contact. Prenez contact afin d'organiser votre \u00e9v\u00e9nement. Informations de contact. e-mail : info@eventissimo-agency.ch. Lausanne, Suisse.","breadcrumb":{"@id":"https:\/\/eventissimo-agency.ch\/contact\/#breadcrumb"},"inLanguage":"en-GB","potentialAction":[{"@type":"ReadAction","target":["https:\/\/eventissimo-agency.ch\/contact\/"]}]},{"@type":"ImageObject","inLanguage":"en-GB","@id":"https:\/\/eventissimo-agency.ch\/contact\/#primaryimage","url":"https:\/\/eventissimo-agency.ch\/wp-content\/uploads\/2025\/05\/logo-eventissimo-white.png","contentUrl":"https:\/\/eventissimo-agency.ch\/wp-content\/uploads\/2025\/05\/logo-eventissimo-white.png"},{"@type":"BreadcrumbList","@id":"https:\/\/eventissimo-agency.ch\/contact\/#breadcrumb","itemListElement":[{"@type":"ListItem","position":1,"name":"Accueil","item":"https:\/\/eventissimo-agency.ch\/"},{"@type":"ListItem","position":2,"name":"Contact"}]},{"@type":"WebSite","@id":"https:\/\/eventissimo-agency.ch\/#website","url":"https:\/\/eventissimo-agency.ch\/","name":"Eventissimo","description":"","publisher":{"@id":"https:\/\/eventissimo-agency.ch\/#organization"},"potentialAction":[{"@type":"SearchAction","target":{"@type":"EntryPoint","urlTemplate":"https:\/\/eventissimo-agency.ch\/?s={search_term_string}"},"query-input":{"@type":"PropertyValueSpecification","valueRequired":true,"valueName":"search_term_string"}}],"inLanguage":"en-GB"},{"@type":"Organization","@id":"https:\/\/eventissimo-agency.ch\/#organization","name":"Eventissimo Agency","alternateName":"Eventissimo","url":"https:\/\/eventissimo-agency.ch\/","logo":{"@type":"ImageObject","inLanguage":"en-GB","@id":"https:\/\/eventissimo-agency.ch\/#\/schema\/logo\/image\/","url":"https:\/\/eventissimo-agency.ch\/wp-content\/uploads\/2025\/05\/logo-eventissimo-white.png","contentUrl":"https:\/\/eventissimo-agency.ch\/wp-content\/uploads\/2025\/05\/logo-eventissimo-white.png","width":800,"height":342,"caption":"Eventissimo Agency"},"image":{"@id":"https:\/\/eventissimo-agency.ch\/#\/schema\/logo\/image\/"}}]}},"_links":{"self":[{"href":"https:\/\/eventissimo-agency.ch\/en\/wp-json\/wp\/v2\/pages\/5506","targetHints":{"allow":["GET"]}}],"collection":[{"href":"https:\/\/eventissimo-agency.ch\/en\/wp-json\/wp\/v2\/pages"}],"about":[{"href":"https:\/\/eventissimo-agency.ch\/en\/wp-json\/wp\/v2\/types\/page"}],"author":[{"embeddable":true,"href":"https:\/\/eventissimo-agency.ch\/en\/wp-json\/wp\/v2\/users\/1"}],"replies":[{"embeddable":true,"href":"https:\/\/eventissimo-agency.ch\/en\/wp-json\/wp\/v2\/comments?post=5506"}],"version-history":[{"count":44,"href":"https:\/\/eventissimo-agency.ch\/en\/wp-json\/wp\/v2\/pages\/5506\/revisions"}],"predecessor-version":[{"id":6430,"href":"https:\/\/eventissimo-agency.ch\/en\/wp-json\/wp\/v2\/pages\/5506\/revisions\/6430"}],"wp:attachment":[{"href":"https:\/\/eventissimo-agency.ch\/en\/wp-json\/wp\/v2\/media?parent=5506"}],"curies":[{"name":"wp","href":"https:\/\/api.w.org\/{rel}","templated":true}]}}