{"id":5667,"date":"2025-05-27T19:49:39","date_gmt":"2025-05-27T19:49:39","guid":{"rendered":"https:\/\/mediumblue-emu-345538.hostingersite.com\/?page_id=5667"},"modified":"2025-07-01T22:37:34","modified_gmt":"2025-07-01T22:37:34","slug":"mariage-en-suisse","status":"publish","type":"page","link":"https:\/\/eventissimo-agency.ch\/en\/mariage-en-suisse\/","title":{"rendered":"Wedding in Switzerland"},"content":{"rendered":"<div data-elementor-type=\"wp-page\" data-elementor-id=\"5667\" class=\"elementor elementor-5667\">\n\t\t\t\t\t\t<section class=\"elementor-section elementor-top-section elementor-element elementor-element-31580b17 elementor-section-full_width elementor-section-height-default elementor-section-height-default\" data-id=\"31580b17\" data-element_type=\"section\">\n\t\t\t\t\t\t<div class=\"elementor-container elementor-column-gap-no\">\n\t\t\t\t\t<div class=\"elementor-column elementor-col-100 elementor-top-column elementor-element elementor-element-2d0f2fcc\" data-id=\"2d0f2fcc\" data-element_type=\"column\">\n\t\t\t<div class=\"elementor-widget-wrap elementor-element-populated\">\n\t\t\t\t\t\t<div class=\"elementor-element elementor-element-6e9829ac elementor-widget elementor-widget-florya-banner-image\" data-id=\"6e9829ac\" data-element_type=\"widget\" data-widget_type=\"florya-banner-image.default\">\n\t\t\t\t<div class=\"elementor-widget-container\">\n\t\t\t\t\t\t\n\t<header class=\"header\">\n\t\n\t<!-- Header Banner -->\n    \t<div class=\"banner-header section-padding valign bg-img bg-img-d bg-fixed\" data-overlay-dark=\"3\" data-background=\"https:\/\/eventissimo-agency.ch\/wp-content\/uploads\/2025\/06\/mariage-suisse-4-scaled.jpg\">\n\t        \t\t\t\t<div class=\"container\">\n            <div class=\"row\">\n                <div class=\"col-md-5 slider-text js-fullheight\">\n                    <div class=\"slider-text-inner\">\n                        <div class=\"desc text-left\">\n                            \t\t\t\t\t\t\t\t<h4 class=\"fl-slider-title1-class\">Wedding<\/h4>\n\t\t\t\t\t\t\t                            \t\t\t\t\t\t\t\t<h1 class=\"fl-slider-title2-class\">Wedding planning in Switzerland <\/h1>\n\t\t\t\t\t\t\t                            \t\t\t\t\t\t\t\t<p>We would be delighted to meet you and discuss how we can make the wedding of <span style=\"text-transform:initial;letter-spacing:initial;\">your dreams come true <\/span> !<\/p>\n\t\t\t\t\t\t\t\t\t\t\t\t\t\t\t\n                        <\/div>\n                    <\/div>\n                <\/div>\n            <\/div>\n        <\/div>\n\t\t\t\t\t\t\t\t<!-- arrow down -->\n        <div class=\"arrow bounce text-center\">\n            <a href=\"#mariage\"  class=\"\"> <i class=\"ti-arrow-down\"><\/i> <\/a>\n        <\/div>\n\t\t        \n    <\/div>\t\n\t\n\t<\/header>\n\t\n\n    \t\t\t\t<\/div>\n\t\t\t\t<\/div>\n\t\t\t\t\t<\/div>\n\t\t<\/div>\n\t\t\t\t\t<\/div>\n\t\t<\/section>\n\t\t\t\t<section class=\"elementor-section elementor-top-section elementor-element elementor-element-51b8078 elementor-section-boxed elementor-section-height-default elementor-section-height-default\" data-id=\"51b8078\" data-element_type=\"section\" data-settings=\"{&quot;background_background&quot;:&quot;classic&quot;}\">\n\t\t\t\t\t\t<div class=\"elementor-container elementor-column-gap-default\">\n\t\t\t\t\t<div class=\"elementor-column elementor-col-100 elementor-top-column elementor-element elementor-element-0ee2bd6\" data-id=\"0ee2bd6\" data-element_type=\"column\">\n\t\t\t<div class=\"elementor-widget-wrap elementor-element-populated\">\n\t\t\t\t\t\t<div class=\"elementor-section elementor-inner-section elementor-element elementor-element-a37c49f elementor-section-boxed elementor-section-height-default elementor-section-height-default\" data-id=\"a37c49f\" data-element_type=\"section\">\n\t\t\t\t\t\t<div class=\"elementor-container elementor-column-gap-default\">\n\t\t\t\t\t<div class=\"elementor-column elementor-col-100 elementor-inner-column elementor-element elementor-element-bb18a02\" data-id=\"bb18a02\" data-element_type=\"column\">\n\t\t\t<div class=\"elementor-widget-wrap elementor-element-populated\">\n\t\t\t\t\t\t<div class=\"elementor-element elementor-element-b3a21d5 elementor-widget elementor-widget-florya-title\" data-id=\"b3a21d5\" data-element_type=\"widget\" data-widget_type=\"florya-title.default\">\n\t\t\t\t<div class=\"elementor-widget-container\">\n\t\t\t\t\t\t\t\n\t\t\t\n\t\t\t<h6 class=\"section-subtitle white text-left\">Switzerland<\/h6>\t\t\t\t\n\t\t\t<h4 class=\"section-title white text-left\">We organize your <span class=\"text-color-red\"> Wedding<\/span> \n<\/h4>\t\t\t\t\n\t\t\t\t\n        \n\t\t\t\n        \t\t\t\t<\/div>\n\t\t\t\t<\/div>\n\t\t\t\t\t<\/div>\n\t\t<\/div>\n\t\t\t\t\t<\/div>\n\t\t<\/div>\n\t\t\t\t<div class=\"elementor-section elementor-inner-section elementor-element elementor-element-590702a elementor-section-boxed elementor-section-height-default elementor-section-height-default\" data-id=\"590702a\" data-element_type=\"section\">\n\t\t\t\t\t\t<div class=\"elementor-container elementor-column-gap-default\">\n\t\t\t\t\t<div class=\"elementor-column elementor-col-33 elementor-inner-column elementor-element elementor-element-03cb25d\" data-id=\"03cb25d\" data-element_type=\"column\">\n\t\t\t<div class=\"elementor-widget-wrap elementor-element-populated\">\n\t\t\t\t\t\t<div class=\"elementor-element elementor-element-83049fb elementor-widget elementor-widget-florya-text\" data-id=\"83049fb\" data-element_type=\"widget\" data-widget_type=\"florya-text.default\">\n\t\t\t\t<div class=\"elementor-widget-container\">\n\t\t\t\t\t\t\t\n\t\t<div class=\"section-text white text-left\"><p data-start=\"173\" data-end=\"591\"><strong data-start=\"173\" data-end=\"353\">Our mission: to bring your wishes to life, elevate your ideas, and offer you a tailor-made service\u2014whether full planning, partial support, or coordination on the big day.<br \/><\/strong><br data-start=\"353\" data-end=\"356\" \/>Every wedding is a promise. In Switzerland, surrounded by majestic lakes, inspiring mountains, and charming venues, we help you create a moment that reflects who you are, in a setting that is as refined as it is moving.<\/p><p data-start=\"173\" data-end=\"591\">We bring together our creativity, local expertise, and attention to detail to orchestrate a wedding that truly represents you.<\/p><\/div>\n\t\t\n\t\t\t\n        \t\t\t\t<\/div>\n\t\t\t\t<\/div>\n\t\t\t\t\t<\/div>\n\t\t<\/div>\n\t\t\t\t<div class=\"elementor-column elementor-col-33 elementor-inner-column elementor-element elementor-element-8d69b12\" data-id=\"8d69b12\" data-element_type=\"column\">\n\t\t\t<div class=\"elementor-widget-wrap\">\n\t\t\t\t\t\t\t<\/div>\n\t\t<\/div>\n\t\t\t\t<div class=\"elementor-column elementor-col-33 elementor-inner-column elementor-element elementor-element-c5f1fa8\" data-id=\"c5f1fa8\" data-element_type=\"column\">\n\t\t\t<div class=\"elementor-widget-wrap elementor-element-populated\">\n\t\t\t\t\t\t<div class=\"elementor-element elementor-element-27d85be elementor-widget elementor-widget-florya-text\" data-id=\"27d85be\" data-element_type=\"widget\" data-widget_type=\"florya-text.default\">\n\t\t\t\t<div class=\"elementor-widget-container\">\n\t\t\t\t\t\t\t\n\t\t<div class=\"section-text white text-left\"><p data-start=\"593\" data-end=\"984\">From the very first exchange to the big day, each step is handled with care, attentiveness, and reliability. We take the time to understand your expectations, guide your choices, and coordinate vendors to ensure a smooth and stress-free experience.<\/p><p data-start=\"986\" data-end=\"1166\"><strong data-start=\"986\" data-end=\"1166\">Whatever your style, intimate, elegant, rustic, or sophisticated, we\u2019re by your side to turn your Swiss wedding into a harmonious, unique, and unforgettable celebration.<\/strong><\/p><\/div>\n\t\t\n\t\t\t\n        \t\t\t\t<\/div>\n\t\t\t\t<\/div>\n\t\t\t\t\t<\/div>\n\t\t<\/div>\n\t\t\t\t\t<\/div>\n\t\t<\/div>\n\t\t\t\t\t<\/div>\n\t\t<\/div>\n\t\t\t\t\t<\/div>\n\t\t<\/section>\n\t\t\t\t<section class=\"elementor-section elementor-top-section elementor-element elementor-element-c75768d elementor-section-boxed elementor-section-height-default elementor-section-height-default\" data-id=\"c75768d\" data-element_type=\"section\">\n\t\t\t\t\t\t<div class=\"elementor-container elementor-column-gap-default\">\n\t\t\t\t\t<div class=\"elementor-column elementor-col-100 elementor-top-column elementor-element elementor-element-dfa8da6\" data-id=\"dfa8da6\" data-element_type=\"column\">\n\t\t\t<div class=\"elementor-widget-wrap elementor-element-populated\">\n\t\t\t\t\t\t<div class=\"elementor-section elementor-inner-section elementor-element elementor-element-8764233 elementor-section-boxed elementor-section-height-default elementor-section-height-default\" data-id=\"8764233\" data-element_type=\"section\" id=\"mariage\">\n\t\t\t\t\t\t<div class=\"elementor-container elementor-column-gap-default\">\n\t\t\t\t\t<div class=\"elementor-column elementor-col-50 elementor-inner-column elementor-element elementor-element-dca6f10\" data-id=\"dca6f10\" data-element_type=\"column\">\n\t\t\t<div class=\"elementor-widget-wrap elementor-element-populated\">\n\t\t\t\t\t\t<div class=\"elementor-element elementor-element-62de607 elementor-widget elementor-widget-florya-title\" data-id=\"62de607\" data-element_type=\"widget\" data-widget_type=\"florya-title.default\">\n\t\t\t\t<div class=\"elementor-widget-container\">\n\t\t\t\t\t\t\t\n\t\t\t\n\t\t\t<h6 class=\"section-subtitle black text-left\">Services<\/h6>\t\t\t\t\n\t\t\t<h4 class=\"section-title black text-left\">All packages <span class=\"text-color-red\"> Wedding<\/span><\/h4>\t\t\t\t\n\t\t\t\t\n        \n\t\t\t\n        \t\t\t\t<\/div>\n\t\t\t\t<\/div>\n\t\t\t\t\t<\/div>\n\t\t<\/div>\n\t\t\t\t<div class=\"elementor-column elementor-col-50 elementor-inner-column elementor-element elementor-element-9027ee5\" data-id=\"9027ee5\" data-element_type=\"column\">\n\t\t\t<div class=\"elementor-widget-wrap elementor-element-populated\">\n\t\t\t\t\t\t<div class=\"elementor-element elementor-element-aa28a8b elementor-widget elementor-widget-florya-text\" data-id=\"aa28a8b\" data-element_type=\"widget\" data-widget_type=\"florya-text.default\">\n\t\t\t\t<div class=\"elementor-widget-container\">\n\t\t\t\t\t\t\t\n\t\t<div class=\"section-text black text-left\"><h5 style=\"margin-bottom:5px;\"><span class=\"p1\"><b>Because every wedding is unique.<\/b><\/span><\/h5><p class=\"s1\">Eventissimo offers personalized packages tailored to your desires, pace, and needs.<\/p><\/div>\n\t\t\n\t\t\t\n        \t\t\t\t<\/div>\n\t\t\t\t<\/div>\n\t\t\t\t\t<\/div>\n\t\t<\/div>\n\t\t\t\t\t<\/div>\n\t\t<\/div>\n\t\t\t\t<div class=\"elementor-section elementor-inner-section elementor-element elementor-element-5c7a106 elementor-section-boxed elementor-section-height-default elementor-section-height-default\" data-id=\"5c7a106\" data-element_type=\"section\">\n\t\t\t\t\t\t<div class=\"elementor-container elementor-column-gap-default\">\n\t\t\t\t\t<div class=\"elementor-column elementor-col-100 elementor-inner-column elementor-element elementor-element-ba61be9\" data-id=\"ba61be9\" data-element_type=\"column\">\n\t\t\t<div class=\"elementor-widget-wrap elementor-element-populated\">\n\t\t\t\t\t\t<div class=\"elementor-element elementor-element-e2a1a40 elementor-widget elementor-widget-florya-pricing-carousel\" data-id=\"e2a1a40\" data-element_type=\"widget\" data-widget_type=\"florya-pricing-carousel.default\">\n\t\t\t\t<div class=\"elementor-widget-container\">\n\t\t\t\t\t\n\t\t<div class=\"sec-pricing pricing\">\t\n\t\t\t<div class=\"owl-carousel owl-theme\" data-pricing-autoplay=\"false\" data-pricing-timeout=\"5000\" data-pricing-speed=\"500\"  data-pricing-dots=\"true\" data-pricing-nav=\"true\">\n\t\t\t\t\t\t\t\t\t\t\t\t<div class=\"pricing left\">\t\t\t\t\n\t\t\t\t    <figure> <img decoding=\"async\" src=\"https:\/\/eventissimo-agency.ch\/wp-content\/uploads\/2025\/06\/prestations-Mariage-suisse-1.jpg\" alt=\"\" class=\"img-fluid\" \/> <\/figure>\t\t\t\t\t\n\t\t\t\t\t<div class=\"caption padding-left\">\n\t\t\t\t\t    \t\t\t\t\t\t<div class=\"name\">Pack <span class=\"text-color-red\"> Prestige<\/span><\/div>\n\t\t\t\t\t\t\t\n                        \t\t\t\t\t\t<div class=\"amount\">Full Planning <\/div>\n\t\t\t\t\t\t\t\n\t\t\t\t\t\t\t\t\t\t\t\t<div class=\"section-text white\"><p>Let us guide you through every step from A to Z<\/p><ul><li>Advice, planning, and progress tracking<\/li><li>Supplier selection and coordination<\/li><li>Deadline management<\/li><li>Budget planning and timeline creation<\/li><li>Decoration proposals and setup<\/li><li>Day-of presence and smooth event management<\/li><\/ul><\/div>\n\t\t\t\t\t\t\t\n\t\t\t\t\t\t\n\t\t\t\t\t\t\t\t\t\t\t\t\t\t\t\t\t\t    \n\t\t\t\t\t<\/div>\t\t\t\t\t\n\t\t\t\t<\/div>\t\t\t\t\t\n\t\t\t\t\t\t\t\t\t\t\t\t\t\t\t\t<div class=\"pricing right\">\t\t\t\t\n\t\t\t\t    <figure> <img decoding=\"async\" src=\"https:\/\/eventissimo-agency.ch\/wp-content\/uploads\/2025\/06\/prestations-Mariage-suisse-2.jpg\" alt=\"\" class=\"img-fluid\" \/> <\/figure>\t\t\t\t\t\n\t\t\t\t\t<div class=\"caption padding-left\">\n\t\t\t\t\t    \t\t\t\t\t\t<div class=\"name\">Pack <span class=\"text-color-red\"> Signature <\/span><\/div>\n\t\t\t\t\t\t\t\n                        \t\t\t\t\t\t<div class=\"amount\">50\/50<\/div>\n\t\t\t\t\t\t\t\n\t\t\t\t\t\t\t\t\t\t\t\t<div class=\"section-text white\"><p>You\u2019ve started the process\u2014we\u2019ll take it from here<\/p><ul><li>Fine-tuning your organization<\/li><li>Additional vendor sourcing<\/li><li>Ongoing support until the wedding day<\/li><li>Final coordination and day-of presence<\/li><\/ul><\/div>\n\t\t\t\t\t\t\t\n\t\t\t\t\t\t\n\t\t\t\t\t\t\t\t\t\t\t\t\t\t\t\t\t\t    \n\t\t\t\t\t<\/div>\t\t\t\t\t\n\t\t\t\t<\/div>\t\t\t\t\t\n\t\t\t\t\t\t\t\t\t\t\t\t\t\t\t\t<div class=\"pricing right\">\t\t\t\t\n\t\t\t\t    <figure> <img decoding=\"async\" src=\"https:\/\/eventissimo-agency.ch\/wp-content\/uploads\/2025\/06\/prestations-Mariage-suisse-3.jpg\" alt=\"\" class=\"img-fluid\" \/> <\/figure>\t\t\t\t\t\n\t\t\t\t\t<div class=\"caption padding-left\">\n\t\t\t\t\t    \t\t\t\t\t\t<div class=\"name\">Pack <span class=\"text-color-red\"> Elegance <\/span><\/div>\n\t\t\t\t\t\t\t\n                        \t\t\t\t\t\t<div class=\"amount\">Day-Of Coordination<\/div>\n\t\t\t\t\t\t\t\n\t\t\t\t\t\t\t\t\t\t\t\t<div class=\"section-text white\"><p>Enjoy your big day stress-free<\/p><ul><li>Final schedule management<\/li><li>Vendor briefing and timing supervision<\/li><li>Decoration setup<\/li><li>Full presence and oversight throughout the event<\/li><li>Management of last-minute surprises<\/li><\/ul><\/div>\n\t\t\t\t\t\t\t\n\t\t\t\t\t\t\n\t\t\t\t\t\t\t\t\t\t\t\t\t\t\t\t\t\t    \n\t\t\t\t\t<\/div>\t\t\t\t\t\n\t\t\t\t<\/div>\t\t\t\t\t\n\t\t\t\t\t\t\t\t\t\t    <\/div>\t\n\t\t<\/div>\t\t\n\n        \t\t\t\t<\/div>\n\t\t\t\t<\/div>\n\t\t\t\t\t<\/div>\n\t\t<\/div>\n\t\t\t\t\t<\/div>\n\t\t<\/div>\n\t\t\t\t\t<\/div>\n\t\t<\/div>\n\t\t\t\t\t<\/div>\n\t\t<\/section>\n\t\t\t\t<\/div>","protected":false},"excerpt":{"rendered":"<p>Mariage Organisation de mariage en Suisse Nous serions ravis de vous rencontrer et de discuter de la fa\u00e7on dont nous pouvons r\u00e9aliser le mariage de vos r\u00eaves ! Suisse Nous organisons votre Mariage Notre m\u00e9tier : donner vie \u00e0 vos souhaits, sublimer vos id\u00e9es et vous offrir un accompagnement sur mesure, qu\u2019il soit complet, partiel ou concentr\u00e9 sur la coordination<\/p>","protected":false},"author":1,"featured_media":0,"parent":0,"menu_order":0,"comment_status":"closed","ping_status":"closed","template":"","meta":{"_acf_changed":false,"footnotes":""},"class_list":["post-5667","page","type-page","status-publish","hentry"],"acf":[],"yoast_head":"<!-- This site is optimized with the Yoast SEO plugin v25.4 - https:\/\/yoast.com\/wordpress\/plugins\/seo\/ -->\n<title>Mariage en Suisse - Eventissimo<\/title>\n<meta name=\"description\" content=\"Nous organisons votre mariage en Suisse, entre lacs majestueux, montagnes inspirantes et lieux de charme. Chaque mariage est une promesse.\" \/>\n<meta name=\"robots\" content=\"index, follow, max-snippet:-1, max-image-preview:large, max-video-preview:-1\" \/>\n<link rel=\"canonical\" href=\"https:\/\/eventissimo-agency.ch\/en\/mariage-en-suisse\/\" \/>\n<meta property=\"og:locale\" content=\"en_GB\" \/>\n<meta property=\"og:type\" content=\"article\" \/>\n<meta property=\"og:title\" content=\"Mariage en Suisse - Eventissimo\" \/>\n<meta property=\"og:description\" content=\"Nous organisons votre mariage en Suisse, entre lacs majestueux, montagnes inspirantes et lieux de charme. Chaque mariage est une promesse.\" \/>\n<meta property=\"og:url\" content=\"https:\/\/eventissimo-agency.ch\/en\/mariage-en-suisse\/\" \/>\n<meta property=\"og:site_name\" content=\"Eventissimo\" \/>\n<meta property=\"article:modified_time\" content=\"2025-07-01T22:37:34+00:00\" \/>\n<meta property=\"og:image\" content=\"https:\/\/eventissimo-agency.ch\/wp-content\/uploads\/2025\/06\/prestations-Mariage-suisse-1.jpg\" \/>\n<meta name=\"twitter:card\" content=\"summary_large_image\" \/>\n<meta name=\"twitter:label1\" content=\"Estimated reading time\" \/>\n\t<meta name=\"twitter:data1\" content=\"3 minutes\" \/>\n<script type=\"application\/ld+json\" class=\"yoast-schema-graph\">{\"@context\":\"https:\/\/schema.org\",\"@graph\":[{\"@type\":\"WebPage\",\"@id\":\"https:\/\/eventissimo-agency.ch\/mariage-en-suisse\/\",\"url\":\"https:\/\/eventissimo-agency.ch\/mariage-en-suisse\/\",\"name\":\"Mariage en Suisse - Eventissimo\",\"isPartOf\":{\"@id\":\"https:\/\/eventissimo-agency.ch\/#website\"},\"primaryImageOfPage\":{\"@id\":\"https:\/\/eventissimo-agency.ch\/mariage-en-suisse\/#primaryimage\"},\"image\":{\"@id\":\"https:\/\/eventissimo-agency.ch\/mariage-en-suisse\/#primaryimage\"},\"thumbnailUrl\":\"https:\/\/eventissimo-agency.ch\/wp-content\/uploads\/2025\/06\/prestations-Mariage-suisse-1.jpg\",\"datePublished\":\"2025-05-27T19:49:39+00:00\",\"dateModified\":\"2025-07-01T22:37:34+00:00\",\"description\":\"Nous organisons votre mariage en Suisse, entre lacs majestueux, montagnes inspirantes et lieux de charme. Chaque mariage est une promesse.\",\"breadcrumb\":{\"@id\":\"https:\/\/eventissimo-agency.ch\/mariage-en-suisse\/#breadcrumb\"},\"inLanguage\":\"en-GB\",\"potentialAction\":[{\"@type\":\"ReadAction\",\"target\":[\"https:\/\/eventissimo-agency.ch\/mariage-en-suisse\/\"]}]},{\"@type\":\"ImageObject\",\"inLanguage\":\"en-GB\",\"@id\":\"https:\/\/eventissimo-agency.ch\/mariage-en-suisse\/#primaryimage\",\"url\":\"https:\/\/eventissimo-agency.ch\/wp-content\/uploads\/2025\/06\/prestations-Mariage-suisse-1.jpg\",\"contentUrl\":\"https:\/\/eventissimo-agency.ch\/wp-content\/uploads\/2025\/06\/prestations-Mariage-suisse-1.jpg\"},{\"@type\":\"BreadcrumbList\",\"@id\":\"https:\/\/eventissimo-agency.ch\/mariage-en-suisse\/#breadcrumb\",\"itemListElement\":[{\"@type\":\"ListItem\",\"position\":1,\"name\":\"Accueil\",\"item\":\"https:\/\/eventissimo-agency.ch\/\"},{\"@type\":\"ListItem\",\"position\":2,\"name\":\"Mariage en Suisse\"}]},{\"@type\":\"WebSite\",\"@id\":\"https:\/\/eventissimo-agency.ch\/#website\",\"url\":\"https:\/\/eventissimo-agency.ch\/\",\"name\":\"Eventissimo\",\"description\":\"\",\"publisher\":{\"@id\":\"https:\/\/eventissimo-agency.ch\/#organization\"},\"potentialAction\":[{\"@type\":\"SearchAction\",\"target\":{\"@type\":\"EntryPoint\",\"urlTemplate\":\"https:\/\/eventissimo-agency.ch\/?s={search_term_string}\"},\"query-input\":{\"@type\":\"PropertyValueSpecification\",\"valueRequired\":true,\"valueName\":\"search_term_string\"}}],\"inLanguage\":\"en-GB\"},{\"@type\":\"Organization\",\"@id\":\"https:\/\/eventissimo-agency.ch\/#organization\",\"name\":\"Eventissimo Agency\",\"alternateName\":\"Eventissimo\",\"url\":\"https:\/\/eventissimo-agency.ch\/\",\"logo\":{\"@type\":\"ImageObject\",\"inLanguage\":\"en-GB\",\"@id\":\"https:\/\/eventissimo-agency.ch\/#\/schema\/logo\/image\/\",\"url\":\"https:\/\/eventissimo-agency.ch\/wp-content\/uploads\/2025\/05\/logo-eventissimo-white.png\",\"contentUrl\":\"https:\/\/eventissimo-agency.ch\/wp-content\/uploads\/2025\/05\/logo-eventissimo-white.png\",\"width\":800,\"height\":342,\"caption\":\"Eventissimo Agency\"},\"image\":{\"@id\":\"https:\/\/eventissimo-agency.ch\/#\/schema\/logo\/image\/\"}}]}<\/script>\n<!-- \/ Yoast SEO plugin. -->","yoast_head_json":{"title":"Mariage en Suisse - Eventissimo","description":"Nous organisons votre mariage en Suisse, entre lacs majestueux, montagnes inspirantes et lieux de charme. Chaque mariage est une promesse.","robots":{"index":"index","follow":"follow","max-snippet":"max-snippet:-1","max-image-preview":"max-image-preview:large","max-video-preview":"max-video-preview:-1"},"canonical":"https:\/\/eventissimo-agency.ch\/en\/mariage-en-suisse\/","og_locale":"en_GB","og_type":"article","og_title":"Mariage en Suisse - Eventissimo","og_description":"Nous organisons votre mariage en Suisse, entre lacs majestueux, montagnes inspirantes et lieux de charme. Chaque mariage est une promesse.","og_url":"https:\/\/eventissimo-agency.ch\/en\/mariage-en-suisse\/","og_site_name":"Eventissimo","article_modified_time":"2025-07-01T22:37:34+00:00","og_image":[{"url":"https:\/\/eventissimo-agency.ch\/wp-content\/uploads\/2025\/06\/prestations-Mariage-suisse-1.jpg","type":"","width":"","height":""}],"twitter_card":"summary_large_image","twitter_misc":{"Estimated reading time":"3 minutes"},"schema":{"@context":"https:\/\/schema.org","@graph":[{"@type":"WebPage","@id":"https:\/\/eventissimo-agency.ch\/mariage-en-suisse\/","url":"https:\/\/eventissimo-agency.ch\/mariage-en-suisse\/","name":"Mariage en Suisse - Eventissimo","isPartOf":{"@id":"https:\/\/eventissimo-agency.ch\/#website"},"primaryImageOfPage":{"@id":"https:\/\/eventissimo-agency.ch\/mariage-en-suisse\/#primaryimage"},"image":{"@id":"https:\/\/eventissimo-agency.ch\/mariage-en-suisse\/#primaryimage"},"thumbnailUrl":"https:\/\/eventissimo-agency.ch\/wp-content\/uploads\/2025\/06\/prestations-Mariage-suisse-1.jpg","datePublished":"2025-05-27T19:49:39+00:00","dateModified":"2025-07-01T22:37:34+00:00","description":"Nous organisons votre mariage en Suisse, entre lacs majestueux, montagnes inspirantes et lieux de charme. Chaque mariage est une promesse.","breadcrumb":{"@id":"https:\/\/eventissimo-agency.ch\/mariage-en-suisse\/#breadcrumb"},"inLanguage":"en-GB","potentialAction":[{"@type":"ReadAction","target":["https:\/\/eventissimo-agency.ch\/mariage-en-suisse\/"]}]},{"@type":"ImageObject","inLanguage":"en-GB","@id":"https:\/\/eventissimo-agency.ch\/mariage-en-suisse\/#primaryimage","url":"https:\/\/eventissimo-agency.ch\/wp-content\/uploads\/2025\/06\/prestations-Mariage-suisse-1.jpg","contentUrl":"https:\/\/eventissimo-agency.ch\/wp-content\/uploads\/2025\/06\/prestations-Mariage-suisse-1.jpg"},{"@type":"BreadcrumbList","@id":"https:\/\/eventissimo-agency.ch\/mariage-en-suisse\/#breadcrumb","itemListElement":[{"@type":"ListItem","position":1,"name":"Accueil","item":"https:\/\/eventissimo-agency.ch\/"},{"@type":"ListItem","position":2,"name":"Mariage en Suisse"}]},{"@type":"WebSite","@id":"https:\/\/eventissimo-agency.ch\/#website","url":"https:\/\/eventissimo-agency.ch\/","name":"Eventissimo","description":"","publisher":{"@id":"https:\/\/eventissimo-agency.ch\/#organization"},"potentialAction":[{"@type":"SearchAction","target":{"@type":"EntryPoint","urlTemplate":"https:\/\/eventissimo-agency.ch\/?s={search_term_string}"},"query-input":{"@type":"PropertyValueSpecification","valueRequired":true,"valueName":"search_term_string"}}],"inLanguage":"en-GB"},{"@type":"Organization","@id":"https:\/\/eventissimo-agency.ch\/#organization","name":"Eventissimo Agency","alternateName":"Eventissimo","url":"https:\/\/eventissimo-agency.ch\/","logo":{"@type":"ImageObject","inLanguage":"en-GB","@id":"https:\/\/eventissimo-agency.ch\/#\/schema\/logo\/image\/","url":"https:\/\/eventissimo-agency.ch\/wp-content\/uploads\/2025\/05\/logo-eventissimo-white.png","contentUrl":"https:\/\/eventissimo-agency.ch\/wp-content\/uploads\/2025\/05\/logo-eventissimo-white.png","width":800,"height":342,"caption":"Eventissimo Agency"},"image":{"@id":"https:\/\/eventissimo-agency.ch\/#\/schema\/logo\/image\/"}}]}},"_links":{"self":[{"href":"https:\/\/eventissimo-agency.ch\/en\/wp-json\/wp\/v2\/pages\/5667","targetHints":{"allow":["GET"]}}],"collection":[{"href":"https:\/\/eventissimo-agency.ch\/en\/wp-json\/wp\/v2\/pages"}],"about":[{"href":"https:\/\/eventissimo-agency.ch\/en\/wp-json\/wp\/v2\/types\/page"}],"author":[{"embeddable":true,"href":"https:\/\/eventissimo-agency.ch\/en\/wp-json\/wp\/v2\/users\/1"}],"replies":[{"embeddable":true,"href":"https:\/\/eventissimo-agency.ch\/en\/wp-json\/wp\/v2\/comments?post=5667"}],"version-history":[{"count":75,"href":"https:\/\/eventissimo-agency.ch\/en\/wp-json\/wp\/v2\/pages\/5667\/revisions"}],"predecessor-version":[{"id":6432,"href":"https:\/\/eventissimo-agency.ch\/en\/wp-json\/wp\/v2\/pages\/5667\/revisions\/6432"}],"wp:attachment":[{"href":"https:\/\/eventissimo-agency.ch\/en\/wp-json\/wp\/v2\/media?parent=5667"}],"curies":[{"name":"wp","href":"https:\/\/api.w.org\/{rel}","templated":true}]}}